{"id":12,"date":"2024-07-01T14:52:45","date_gmt":"2024-07-01T12:52:45","guid":{"rendered":"https:\/\/oblivia.fr\/?page_id=12"},"modified":"2024-09-30T14:20:20","modified_gmt":"2024-09-30T12:20:20","slug":"a-propos","status":"publish","type":"page","link":"https:\/\/oblivia.fr\/index.php\/a-propos\/","title":{"rendered":"A propos"},"content":{"rendered":"\n<div class=\"wp-block-cover alignfull\" style=\"margin-top:0;margin-bottom:0;padding-top:0px;padding-bottom:80px;min-height:300px;aspect-ratio:unset;\"><span aria-hidden=\"true\" class=\"wp-block-cover__background has-background-dim-0 has-background-dim\" style=\"background-color:#e9ceb0\"><\/span><img loading=\"lazy\" decoding=\"async\" width=\"2048\" height=\"1365\" class=\"wp-block-cover__image-background wp-image-55\" alt=\"\" src=\"http:\/\/oblivia.fr\/wp-content\/uploads\/2024\/07\/lucie-guitare-1.jpg\" data-object-fit=\"cover\" srcset=\"https:\/\/oblivia.fr\/wp-content\/uploads\/2024\/07\/lucie-guitare-1.jpg 2048w, https:\/\/oblivia.fr\/wp-content\/uploads\/2024\/07\/lucie-guitare-1-300x200.jpg 300w, https:\/\/oblivia.fr\/wp-content\/uploads\/2024\/07\/lucie-guitare-1-1024x683.jpg 1024w, https:\/\/oblivia.fr\/wp-content\/uploads\/2024\/07\/lucie-guitare-1-768x512.jpg 768w, https:\/\/oblivia.fr\/wp-content\/uploads\/2024\/07\/lucie-guitare-1-1536x1024.jpg 1536w\" sizes=\"auto, (max-width: 2048px) 100vw, 2048px\" \/><div class=\"wp-block-cover__inner-container has-global-padding is-layout-constrained wp-container-core-cover-is-layout-d4c6b484 wp-block-cover-is-layout-constrained\">\n<div style=\"height:150px\" aria-hidden=\"true\" class=\"wp-block-spacer\"><\/div>\n\n\n\n<h1 class=\"wp-block-heading has-text-align-center has-text-color has-link-color has-suranna-font-family wp-elements-2aeda672e41520cecb0ed590b6ffa146\" style=\"color:#ffffff;font-size:clamp(38.682px, 2.418rem + ((1vw - 3.2px) * 3.786), 72px);font-style:normal;font-weight:500\">Songs of Oblivia<\/h1>\n<\/div><\/div>\n\n\n\n<section class=\"wp-block-group alignfull has-global-padding is-layout-constrained wp-container-core-group-is-layout-608bbd49 wp-block-group-is-layout-constrained\" style=\"margin-top:0px;padding-top:6rem;padding-right:1rem;padding-bottom:5rem;padding-left:1rem;font-size:clamp(0.875rem, 0.875rem + ((1vw - 0.2rem) * 0.464), 1.13rem);font-style:normal;font-weight:400;line-height:1.4\">\n<div class=\"wp-block-columns is-layout-flex wp-container-core-columns-is-layout-03ad6a19 wp-block-columns-is-layout-flex\" style=\"margin-bottom:0px\">\n<div class=\"wp-block-column is-vertically-aligned-center is-layout-flow wp-block-column-is-layout-flow\" style=\"flex-basis:50%\">\n<figure class=\"wp-block-image alignleft size-full\"><img loading=\"lazy\" decoding=\"async\" width=\"1050\" height=\"600\" src=\"http:\/\/oblivia.fr\/wp-content\/uploads\/2024\/07\/1-5.png\" alt=\"\" class=\"wp-image-51\" style=\"aspect-ratio:1;object-fit:cover\" srcset=\"https:\/\/oblivia.fr\/wp-content\/uploads\/2024\/07\/1-5.png 1050w, https:\/\/oblivia.fr\/wp-content\/uploads\/2024\/07\/1-5-300x171.png 300w, https:\/\/oblivia.fr\/wp-content\/uploads\/2024\/07\/1-5-1024x585.png 1024w, https:\/\/oblivia.fr\/wp-content\/uploads\/2024\/07\/1-5-768x439.png 768w\" sizes=\"auto, (max-width: 1050px) 100vw, 1050px\" \/><\/figure>\n<\/div>\n\n\n\n<div class=\"wp-block-column is-vertically-aligned-center has-global-padding is-layout-constrained wp-container-core-column-is-layout-c4a7d96a wp-block-column-is-layout-constrained\" style=\"flex-basis:50%\">\n<h3 class=\"wp-block-heading has-text-align-left has-text-color has-suranna-font-family\" style=\"color:#000000;margin-top:0.5rem;margin-bottom:0rem;font-size:clamp(24.034px, 1.502rem + ((1vw - 3.2px) * 1.814), 40px);font-style:normal;font-weight:500;letter-spacing:0px;line-height:1.3\">La musique c&#8217;est la vie<\/h3>\n\n\n\n<p class=\"has-text-align-left has-text-color has-pontano-sans-font-family\" style=\"color:#000000;margin-top:20px;margin-bottom:20px;font-size:clamp(14px, 0.875rem + ((1vw - 3.2px) * 0.455), 18px);font-style:normal;font-weight:400;line-height:1.5\"> Depuis nos d\u00e9buts modestes jusqu&#8217;\u00e0 aujourd&#8217;hui, nous avons mis tout notre c\u0153ur \u00e0 cr\u00e9er des m\u00e9lodies qui r\u00e9sonnent avec l&#8217;exp\u00e9rience humaine. Chaque accord et chaque texte t\u00e9moignent de notre volont\u00e9 de cr\u00e9er un lien authentique avec nos auditeurs. Notre voyage est une fusion de passion, de r\u00e9silience et de cr\u00e9ativit\u00e9, qui aboutit \u00e0 une symphonie d&#8217;expression brute et sans filtre.<\/p>\n\n\n\n<p class=\"has-text-align-left has-text-color has-pontano-sans-font-family\" style=\"color:#000000;margin-top:20px;margin-bottom:20px;font-size:clamp(14px, 0.875rem + ((1vw - 3.2px) * 0.455), 18px);font-style:normal;font-weight:400;line-height:1.5\">Connectons-nous pour tisser des histoires dans des moments musicaux inoubliables.<\/p>\n\n\n\n<div class=\"wp-block-buttons is-horizontal is-content-justification-left is-layout-flex wp-container-core-buttons-is-layout-2c34cf1c wp-block-buttons-is-layout-flex\" style=\"margin-top:0.51rem\">\n<div class=\"wp-block-button has-custom-width wp-block-button__width-50 has-custom-font-size is-style-fill has-pontano-sans-font-family\" style=\"font-size:clamp(0.875rem, 0.875rem + ((1vw - 0.2rem) * 0.245), 1.01rem);font-style:normal;font-weight:600;letter-spacing:1px;line-height:1.5;text-transform:uppercase\"><a class=\"wp-block-button__link has-text-color has-background wp-element-button\" href=\"https:\/\/oblivia.fr\/index.php\/contact\/\" style=\"border-style:none;border-width:0px;border-radius:0rem;color:#fffffd;background-color:#e27013;padding-top:0.71rem;padding-right:0.31rem;padding-bottom:0.71rem;padding-left:0.31rem\">contacter Oblivia<\/a><\/div>\n<\/div>\n<\/div>\n<\/div>\n<\/section>\n\n\n\n<section class=\"wp-block-group alignfull has-global-padding is-layout-constrained wp-container-core-group-is-layout-8202059b wp-block-group-is-layout-constrained\" style=\"margin-top:0px;padding-top:6rem;padding-right:1rem;padding-bottom:6rem;padding-left:1rem;font-size:clamp(0.875rem, 0.875rem + ((1vw - 0.2rem) * 0.464), 1.13rem);font-style:normal;font-weight:400;line-height:1.4\">\n<div class=\"wp-block-columns is-layout-flex wp-container-core-columns-is-layout-03ad6a19 wp-block-columns-is-layout-flex\" style=\"margin-bottom:0px\">\n<div class=\"wp-block-column is-vertically-aligned-center has-global-padding is-layout-constrained wp-container-core-column-is-layout-c4a7d96a wp-block-column-is-layout-constrained\" style=\"flex-basis:50%\">\n<h3 class=\"wp-block-heading has-text-align-left has-text-color has-suranna-font-family\" style=\"color:#010101;margin-top:0.5rem;margin-bottom:0rem;font-size:clamp(24.034px, 1.502rem + ((1vw - 3.2px) * 1.814), 40px);font-style:normal;font-weight:500;letter-spacing:0px;line-height:1.3\">Musique<\/h3>\n\n\n\n<p class=\"has-text-align-left has-text-color has-pontano-sans-font-family\" style=\"color:#010101;margin-top:20px;margin-bottom:20px;font-size:clamp(14px, 0.875rem + ((1vw - 3.2px) * 0.455), 18px);font-style:normal;font-weight:400;line-height:1.5\"><\/p>\n\n\n\n<figure class=\"wp-block-embed is-type-video is-provider-youtube wp-block-embed-youtube wp-embed-aspect-16-9 wp-has-aspect-ratio\"><div class=\"wp-block-embed__wrapper\">\n<iframe loading=\"lazy\" title=\"Oblivia - Holidays\" width=\"500\" height=\"281\" src=\"https:\/\/www.youtube.com\/embed\/zli81mM5gK8?feature=oembed\" frameborder=\"0\" allow=\"accelerometer; autoplay; clipboard-write; encrypted-media; gyroscope; picture-in-picture; web-share\" referrerpolicy=\"strict-origin-when-cross-origin\" allowfullscreen><\/iframe>\n<\/div><\/figure>\n\n\n\n<p><\/p>\n<\/div>\n\n\n\n<div class=\"wp-block-column is-vertically-aligned-center is-layout-flow wp-block-column-is-layout-flow\" style=\"flex-basis:50%\">\n<figure class=\"wp-block-image alignright size-full is-resized has-custom-border\"><img loading=\"lazy\" decoding=\"async\" width=\"1280\" height=\"855\" src=\"http:\/\/oblivia.fr\/wp-content\/uploads\/2024\/07\/guitar-788512_1280.jpg\" alt=\"\" class=\"has-border-color has-tertiary-border-color wp-image-83\" style=\"border-width:1px;aspect-ratio:1;object-fit:cover;width:349px;height:auto\" srcset=\"https:\/\/oblivia.fr\/wp-content\/uploads\/2024\/07\/guitar-788512_1280.jpg 1280w, https:\/\/oblivia.fr\/wp-content\/uploads\/2024\/07\/guitar-788512_1280-300x200.jpg 300w, https:\/\/oblivia.fr\/wp-content\/uploads\/2024\/07\/guitar-788512_1280-1024x684.jpg 1024w, https:\/\/oblivia.fr\/wp-content\/uploads\/2024\/07\/guitar-788512_1280-768x513.jpg 768w\" sizes=\"auto, (max-width: 1280px) 100vw, 1280px\" \/><\/figure>\n<\/div>\n<\/div>\n<\/section>\n\n\n\n<section class=\"wp-block-cover alignfull\" style=\"margin-top:0px;padding-top:1.01rem;padding-bottom:1.01rem;min-height:430px;aspect-ratio:unset;\"><span aria-hidden=\"true\" class=\"wp-block-cover__background has-background-dim-0 has-background-dim\" style=\"background-color:#edf1f2\"><\/span><img loading=\"lazy\" decoding=\"async\" width=\"2048\" height=\"1365\" class=\"wp-block-cover__image-background wp-image-55\" alt=\"\" src=\"http:\/\/oblivia.fr\/wp-content\/uploads\/2024\/07\/lucie-guitare-1.jpg\" data-object-fit=\"cover\" srcset=\"https:\/\/oblivia.fr\/wp-content\/uploads\/2024\/07\/lucie-guitare-1.jpg 2048w, https:\/\/oblivia.fr\/wp-content\/uploads\/2024\/07\/lucie-guitare-1-300x200.jpg 300w, https:\/\/oblivia.fr\/wp-content\/uploads\/2024\/07\/lucie-guitare-1-1024x683.jpg 1024w, https:\/\/oblivia.fr\/wp-content\/uploads\/2024\/07\/lucie-guitare-1-768x512.jpg 768w, https:\/\/oblivia.fr\/wp-content\/uploads\/2024\/07\/lucie-guitare-1-1536x1024.jpg 1536w\" sizes=\"auto, (max-width: 2048px) 100vw, 2048px\" \/><div class=\"wp-block-cover__inner-container has-global-padding is-layout-constrained wp-container-core-cover-is-layout-b1bebcb3 wp-block-cover-is-layout-constrained\">\n<div class=\"wp-block-group has-text-color is-layout-flow wp-block-group-is-layout-flow\" style=\"color:#fffffd;margin-top:0px;padding-top:0rem;padding-right:1rem;padding-bottom:0rem;padding-left:1rem;font-size:clamp(0.875rem, 0.875rem + ((1vw - 0.2rem) * 0.464), 1.13rem);font-style:normal;font-weight:400;line-height:1.4\">\n<div class=\"wp-block-group has-global-padding is-layout-constrained wp-container-core-group-is-layout-bdbfdc43 wp-block-group-is-layout-constrained\">\n<p class=\"has-text-align-center has-text-color\" style=\"color:#fffffd;margin-bottom:0rem;font-size:clamp(1.507rem, 1.507rem + ((1vw - 0.2rem) * 1.824), 2.51rem);font-style:normal;font-weight:400;line-height:1.2\">Ces m\u00e9lodies qui font vibrer l&#8217;\u00e2me et r\u00e9sonnent avec le c\u0153ur.<\/p>\n<\/div>\n\n\n\n<div class=\"wp-block-group is-vertical is-content-justification-stretch is-layout-flex wp-container-core-group-is-layout-bfdebe91 wp-block-group-is-layout-flex\" style=\"margin-top:1.81rem;padding-right:0px;padding-left:0px\">\n<div class=\"wp-block-group has-global-padding is-content-justification-center is-layout-constrained wp-container-core-group-is-layout-2f0bcb29 wp-block-group-is-layout-constrained\" style=\"margin-top:0px\">\n<div class=\"wp-block-buttons is-horizontal is-content-justification-right is-layout-flex wp-container-core-buttons-is-layout-099266fd wp-block-buttons-is-layout-flex\" style=\"margin-top:0.51rem\">\n<div class=\"wp-block-button has-custom-width wp-block-button__width-100 has-custom-font-size is-style-fill\" style=\"font-size:clamp(0.875rem, 0.875rem + ((1vw - 0.2rem) * 0.245), 1.01rem);font-style:normal;font-weight:600;line-height:1.5;text-transform:uppercase\"><a class=\"wp-block-button__link has-text-color has-background wp-element-button\" href=\"https:\/\/oblivia.fr\/index.php\/contact\/\" style=\"border-style:none;border-width:0px;border-radius:0rem;color:#fffffd;background-color:#e27013;padding-top:0.71rem;padding-right:0.31rem;padding-bottom:0.71rem;padding-left:0.31rem\">contact<\/a><\/div>\n<\/div>\n<\/div>\n<\/div>\n<\/div>\n<\/div><\/section>\n","protected":false},"excerpt":{"rendered":"<p>La musique c&#8217;est la vie Depuis nos d\u00e9buts modestes jusqu&#8217;\u00e0 aujourd&#8217;hui, nous avons mis tout notre c\u0153ur \u00e0 cr\u00e9er des m\u00e9lodies qui r\u00e9sonnent avec l&#8217;exp\u00e9rience humaine. Chaque accord et chaque texte t\u00e9moignent de notre volont\u00e9 de cr\u00e9er un lien authentique avec nos auditeurs. Notre voyage est une fusion de passion, de r\u00e9silience et de cr\u00e9ativit\u00e9, [&hellip;]<\/p>\n","protected":false},"author":1,"featured_media":0,"parent":0,"menu_order":0,"comment_status":"closed","ping_status":"closed","template":"","meta":{"footnotes":""},"class_list":["post-12","page","type-page","status-publish","hentry"],"_links":{"self":[{"href":"https:\/\/oblivia.fr\/index.php\/wp-json\/wp\/v2\/pages\/12","targetHints":{"allow":["GET"]}}],"collection":[{"href":"https:\/\/oblivia.fr\/index.php\/wp-json\/wp\/v2\/pages"}],"about":[{"href":"https:\/\/oblivia.fr\/index.php\/wp-json\/wp\/v2\/types\/page"}],"author":[{"embeddable":true,"href":"https:\/\/oblivia.fr\/index.php\/wp-json\/wp\/v2\/users\/1"}],"replies":[{"embeddable":true,"href":"https:\/\/oblivia.fr\/index.php\/wp-json\/wp\/v2\/comments?post=12"}],"version-history":[{"count":7,"href":"https:\/\/oblivia.fr\/index.php\/wp-json\/wp\/v2\/pages\/12\/revisions"}],"predecessor-version":[{"id":158,"href":"https:\/\/oblivia.fr\/index.php\/wp-json\/wp\/v2\/pages\/12\/revisions\/158"}],"wp:attachment":[{"href":"https:\/\/oblivia.fr\/index.php\/wp-json\/wp\/v2\/media?parent=12"}],"curies":[{"name":"wp","href":"https:\/\/api.w.org\/{rel}","templated":true}]}}